{"id":24,"date":"2018-03-12T09:31:28","date_gmt":"2018-03-12T08:31:28","guid":{"rendered":"http:\/\/charge4c.de\/?page_id=24"},"modified":"2022-08-09T10:14:30","modified_gmt":"2022-08-09T08:14:30","slug":"impressum","status":"publish","type":"page","link":"https:\/\/charge4c.de\/?page_id=24","title":{"rendered":"Impressum"},"content":{"rendered":"<div class=\"entry-content\">\n<h3>Verantwortlicher Dienstanbieter<\/h3>\n<p>F\u00fcr die Inhalte der Domain www.charge4c.de ist aus Sicht des \u00a7 5 TMG verantwortlich:<\/p>\n<p><strong>Deutsches Forschungszentrum f\u00fcr K\u00fcnstliche Intelligenz GmbH (DFKI)<\/strong><\/p>\n<p>Vertretungsberechtigte Gesellschafter:<br \/>\nProf. Dr. Antonio Kr\u00fcger<br \/>\nHelmut Ditzer<\/p>\n<p>Trippstadter Str. 122,<br \/>\n67663 Kaiserslautern<br \/>\nTel.: +49 631 20575 0<br \/>\nFax: +49 631 20575 5030<br \/>\n<a class=\"email-link\" href=\"mailto:info@dfki.de\">info@dfki.de<\/a><\/p>\n<p>Registergericht: Amtsgericht Kaiserslautern<br \/>\nRegisternummer: HRB 2313<\/p>\n<p>ID-Nummer:\u00a0DE 148 646 973<\/p>\n<p>Redaktionsverantwortlicher f\u00fcr die Internetpr\u00e4senz der Deutsches Forschungszentrum f\u00fcr K\u00fcnstliche Intelligenz GmbH (DFKI) im Sinne von \u00a7 18 Abs. 2 MStV ist:<\/p>\n<p>Dr. J\u00f6rg Baus<br \/>\nStuhlsatzenhausweg 3\u00a0<br class=\"\" \/>Saarland Informatics Campus, Geb. D 3 2\u00a0Deutschland<br \/>\n66123 Saarbr\u00fccken<\/p>\n<p>Tel.: +49 681 85775 5480<br \/>\nFax: +49 631 85775 5341<br \/>\n<a class=\"email-link\" href=\"mailto:uk-kl@dfki.de\">joerg.baus@dfki.de<\/a><\/p>\n<h3>Rechtliche Hinweise zur Haftung f\u00fcr eigene Inhalte<\/h3>\n<p>Die Deutsches Forschungszentrum f\u00fcr K\u00fcnstliche Intelligenz GmbH (DFKI) ist als Inhaltsanbieterin gem\u00e4\u00df \u00a7 7 Abs. 1 Telemediengesetz (TMG) f\u00fcr die eigenen Inhalte, die zur Nutzung bereitgehalten werden, nach den allgemeinen Gesetzen verantwortlich.<\/p>\n<p>Das DFKI ist um Korrektheit und Aktualit\u00e4t der auf dieser Internetpr\u00e4senz bereitgestellten Informationen bem\u00fcht. Dennoch ist ein vollst\u00e4ndiger Ausschluss von Fehlern und Unklarheiten nicht m\u00f6glich. Das DFKI \u00fcbernimmt daher keine Gew\u00e4hr f\u00fcr die Aktualit\u00e4t, Korrektheit, Vollst\u00e4ndigkeit oder Qualit\u00e4t der bereitgestellten Informationen. F\u00fcr Sch\u00e4den materieller oder ideeller Art, die durch die Nutzung oder Nichtnutzung der dargebotenen Informationen resp. durch die Nutzung fehlerhafter und unvollst\u00e4ndiger Informationen unmittelbar oder mittelbar verursacht werden, haftet das DFKI nicht, sofern nicht nachweislich vors\u00e4tzliches oder grob fahrl\u00e4ssiges Verschulden vorliegt. Dies bezieht sich auch auf f\u00fcr zum Download bereitgestellte Software oder Daten.<\/p>\n<p>Dem DFKI ist es vorbehalten, Teile des Internetangebots oder das gesamte Angebot ohne gesonderte Ank\u00fcndigung zu ver\u00e4ndern, zu erg\u00e4nzen, zu l\u00f6schen oder die Ver\u00f6ffentlichung zeitweise oder endg\u00fcltig einzustellen.<\/p>\n<h3>Rechtliche Hinweise f\u00fcr Verweise auf externe Webseiten<\/h3>\n<p>Als Diensteanbieter sind wir gem\u00e4\u00df \u00a7 7 Abs.1 TMG f\u00fcr eigene Inhalte auf diesen Seiten nach den allgemeinen Gesetzen verantwortlich. Nach \u00a7\u00a7 8 bis 10 TMG sind wir als Diensteanbieter jedoch nicht verpflichtet, \u00fcbermittelte oder gespeicherte fremde Informationen zu \u00fcberwachen oder nach Umst\u00e4nden zu forschen, die auf eine rechtswidrige T\u00e4tigkeit hinweisen. Verpflichtungen zur Entfernung oder Sperrung der Nutzung von Informationen nach den allgemeinen Gesetzen bleiben hiervon unber\u00fchrt. Eine diesbez\u00fcgliche Haftung ist jedoch erst ab dem Zeitpunkt der Kenntnis einer konkreten Rechtsverletzung m\u00f6glich. Bei Bekanntwerden von entsprechenden Rechtsverletzungen werden wir diese Inhalte umgehend entfernen.<\/p>\n<p>Unser Angebot enth\u00e4lt Links zu externen Webseiten Dritter. F\u00fcr diese Inhalte der verlinkten externen Seiten ist stets der jeweilige Anbieter verantwortlich. F\u00fcr die Inhalte der verlinkten Seiten k\u00f6nnen wir keine Gew\u00e4hr \u00fcbernehmen. Diese fremden Inhalte wurden vonseiten des DFKI bei der erstmaligen Link-Setzung daraufhin \u00fcberpr\u00fcft, ob etwaige Rechtsverst\u00f6\u00dfe bestehen. Zum Zeitpunkt der \u00dcberpr\u00fcfung waren keine Rechtsverst\u00f6\u00dfe ersichtlich. Es ist jedoch nicht auszuschlie\u00dfen, dass die Inhalte im Nachhinein von den jeweiligen Anbietern ver\u00e4ndert werden. Eine permanente inhaltliche Kontrolle der verlinkten Seiten ist jedoch ohne Anhaltspunkte einer Rechtsverletzung nicht zumutbar. Sollten Sie der Ansicht sein, dass die verlinkten externen Seiten gegen geltendes Recht versto\u00dfen oder sonst unangemessene Inhalte haben, so teilen Sie uns dies bitte direkt an: <a class=\"external-link\" href=\"mailto:info@dfki.de\" target=\"_blank\" rel=\"noopener\">info@dfki.de<\/a> mit.<\/p>\n<p>Sollte das DFKI feststellen oder einen Hinweis darauf erhalten, dass ein externes Angebot, auf das es verlinkt hat, eine zivil- oder strafrechtliche Verantwortlichkeit ausl\u00f6st, wird das DFKI den Link auf dieses Angebot unverz\u00fcglich aufheben.<\/p>\n<h3>Rechtliche Hinweise zum Urheberrecht<\/h3>\n<p>Das Layout der Homepage, die verwendeten Grafiken sowie die sonstigen Inhalte der Internetpr\u00e4senz des DFKI sind urheberrechtlich gesch\u00fctzt. Die Vervielf\u00e4ltigung, Bearbeitung, Verbreitung und jedwede Art der Verwertung au\u00dferhalb der Grenzen des Urheberrechtes bed\u00fcrfen der Zustimmung des DFKI (in Schriftform). Soweit die Inhalte auf dieser Seite nicht von DFKI erstellt wurden, werden die Urheberrechte Dritter beachtet. Sollten Sie dennoch auf eine Urheberrechtsverletzung aufmerksam werden, bitten wir um einen entsprechenden Hinweis. Bei Bekanntwerden von Rechtsverletzungen, wird DFKI derartige Inhalte umgehend entfernen.<\/p>\n<\/div>\n","protected":false},"excerpt":{"rendered":"<p>Verantwortlicher Dienstanbieter F\u00fcr die Inhalte der Domain www.charge4c.de ist aus Sicht des \u00a7 5 TMG verantwortlich: Deutsches Forschungszentrum f\u00fcr K\u00fcnstliche Intelligenz GmbH (DFKI) Vertretungsberechtigte Gesellschafter: Prof. Dr. Antonio Kr\u00fcger Helmut Ditzer Trippstadter Str. 122, 67663 Kaiserslautern Tel.: +49 631 20575 0 Fax: +49 631 20575 5030 info@dfki.de Registergericht: Amtsgericht Kaiserslautern Registernummer: HRB 2313 ID-Nummer:\u00a0DE 148 [&hellip;]<\/p>\n","protected":false},"author":1,"featured_media":0,"parent":0,"menu_order":0,"comment_status":"closed","ping_status":"closed","template":"","meta":{"footnotes":""},"class_list":["post-24","page","type-page","status-publish","hentry"],"_links":{"self":[{"href":"https:\/\/charge4c.de\/index.php?rest_route=\/wp\/v2\/pages\/24","targetHints":{"allow":["GET"]}}],"collection":[{"href":"https:\/\/charge4c.de\/index.php?rest_route=\/wp\/v2\/pages"}],"about":[{"href":"https:\/\/charge4c.de\/index.php?rest_route=\/wp\/v2\/types\/page"}],"author":[{"embeddable":true,"href":"https:\/\/charge4c.de\/index.php?rest_route=\/wp\/v2\/users\/1"}],"replies":[{"embeddable":true,"href":"https:\/\/charge4c.de\/index.php?rest_route=%2Fwp%2Fv2%2Fcomments&post=24"}],"version-history":[{"count":8,"href":"https:\/\/charge4c.de\/index.php?rest_route=\/wp\/v2\/pages\/24\/revisions"}],"predecessor-version":[{"id":193,"href":"https:\/\/charge4c.de\/index.php?rest_route=\/wp\/v2\/pages\/24\/revisions\/193"}],"wp:attachment":[{"href":"https:\/\/charge4c.de\/index.php?rest_route=%2Fwp%2Fv2%2Fmedia&parent=24"}],"curies":[{"name":"wp","href":"https:\/\/api.w.org\/{rel}","templated":true}]}}